{"id":32,"date":"2018-11-29T07:09:24","date_gmt":"2018-11-29T07:09:24","guid":{"rendered":"http:\/\/hig-brandenburg-anhalt.de\/?page_id=32"},"modified":"2019-01-29T20:35:27","modified_gmt":"2019-01-29T20:35:27","slug":"wir","status":"publish","type":"page","link":"http:\/\/hig-brandenburg-anhalt.de\/?page_id=32","title":{"rendered":"Wir"},"content":{"rendered":"<h6 style=\"text-align: center;\">Gegr\u00fcndet wurde unsere IG im Jahre 1993 als Haflinger Interessengemeinschaft Sachsen- Anhalt.<br \/>\nMit der Fusion der Pferdezuchtverb\u00e4nde Berlin- Brandenburg und Sachsen- Anhalt zum Pferdezuchtverband Brandenburg- Anhalt wurde auch der Name der IG in Haflinger Interessengemeinschaft<br \/>\nBrandenburg-Anhalt umgewandelt.<br \/>\nZur Gr\u00fcndungsversammlung hatten sich 40 Z\u00fcchter in die Mitgliederliste eingetragen.<\/h6>\n<p><img loading=\"lazy\" decoding=\"async\" class=\"size-medium wp-image-10 aligncenter\" src=\"http:\/\/hig-brandenburg-anhalt.de\/wp-content\/uploads\/2018\/11\/logo2-300x192.jpg\" alt=\"\" width=\"300\" height=\"192\" srcset=\"http:\/\/hig-brandenburg-anhalt.de\/wp-content\/uploads\/2018\/11\/logo2-300x192.jpg 300w, http:\/\/hig-brandenburg-anhalt.de\/wp-content\/uploads\/2018\/11\/logo2-768x492.jpg 768w, http:\/\/hig-brandenburg-anhalt.de\/wp-content\/uploads\/2018\/11\/logo2.jpg 844w\" sizes=\"auto, (max-width: 300px) 100vw, 300px\" \/><\/p>\n<h6 style=\"text-align: center;\">Mit ihren ca. 60 Mitgliedern ist die HIG Brandenburg-Anhalt zu einer festen Gr\u00f6\u00dfe des Pferdezuchtverbandes Brandenburg-Anhalt gereift.<br \/>\nIn der IG werden beide Rassen gleichberechtigt betreut.<br \/>\nDer Reinzuchthaflinger mit bis zu 1,56% ox- Anteil, sowie der Edelbluthaflinger mit mehr als 1,56% ox- Anteil.<br \/>\nDie verschiedensten Veranstaltungen werden im Jahr durchgef\u00fchrt.<br \/>\nDen H\u00f6hepunkt stellt in jedem Jahr der Haflingertag dar.<\/h6>\n<p><img loading=\"lazy\" decoding=\"async\" class=\"size-medium wp-image-37 aligncenter\" src=\"http:\/\/hig-brandenburg-anhalt.de\/wp-content\/uploads\/2018\/11\/Aufstellung-1-300x152.jpg\" alt=\"\" width=\"300\" height=\"152\" srcset=\"http:\/\/hig-brandenburg-anhalt.de\/wp-content\/uploads\/2018\/11\/Aufstellung-1-300x152.jpg 300w, http:\/\/hig-brandenburg-anhalt.de\/wp-content\/uploads\/2018\/11\/Aufstellung-1-768x389.jpg 768w, http:\/\/hig-brandenburg-anhalt.de\/wp-content\/uploads\/2018\/11\/Aufstellung-1.jpg 800w\" sizes=\"auto, (max-width: 300px) 100vw, 300px\" \/><\/p>\n<h6 style=\"text-align: center;\">Dieser fand im Jahr 1994 zum ersten Mal in Schartau (Altmark) statt.<br \/>\nJedes Jahr werden an diesem Tag die Klassen der Saugfohlen, der zwei bis vierj\u00e4hrigen Stuten und Familiensammlungen pr\u00e4sentiert. Ein gro\u00dfes Schaupogramm rundet diesen Tag ab. Auch Salzwedel, Halberstadt, Stangerode,<br \/>\nSch\u00f6nhausen, Wegeleben sowie Kakerbeck und Reinstedt geh\u00f6rten bereits zu den Austragungsorten.<\/h6>\n<h6 style=\"text-align: center;\">Besondere Zuschauermagneten sind die Schauen in Anbindung an die Altmarkschau in Kakerbeck, sowie des Harzer<br \/>\nLandwirtschaftsfestes in Reinstedt.<br \/>\nAber auch \u00fcberregional pr\u00e4sentieren die Mitglieder der IG ihre Pferde. So auf der Norddeutschen Haflinger Jungpferdeschau, Bundesstuten- und Hengstschauen sowie zur s\u00fcddeutschen K\u00f6rung in M\u00fcnchen.<br \/>\nZiel der Interessengemeinschaft ist es, die Z\u00fcchter und Freunde dieser Pferderassen zusammen zu f\u00fchren und Spa\u00df und Freude an gemeinsamen Aktivit\u00e4ten zu haben.<\/h6>\n<p><img loading=\"lazy\" decoding=\"async\" class=\"wp-image-38 size-full aligncenter\" src=\"http:\/\/hig-brandenburg-anhalt.de\/wp-content\/uploads\/2018\/11\/Schauprogramm.jpg\" alt=\"\" width=\"800\" height=\"228\" srcset=\"http:\/\/hig-brandenburg-anhalt.de\/wp-content\/uploads\/2018\/11\/Schauprogramm.jpg 800w, http:\/\/hig-brandenburg-anhalt.de\/wp-content\/uploads\/2018\/11\/Schauprogramm-300x86.jpg 300w, http:\/\/hig-brandenburg-anhalt.de\/wp-content\/uploads\/2018\/11\/Schauprogramm-768x219.jpg 768w\" sizes=\"auto, (max-width: 800px) 100vw, 800px\" \/><\/p>\n","protected":false},"excerpt":{"rendered":"<p>Gegr\u00fcndet wurde unsere IG im Jahre 1993 als Haflinger Interessengemeinschaft Sachsen- Anhalt. Mit der Fusion der Pferdezuchtverb\u00e4nde Berlin- Brandenburg und Sachsen- Anhalt zum Pferdezuchtverband Brandenburg- Anhalt wurde auch der Name der IG in Haflinger Interessengemeinschaft Brandenburg-Anhalt umgewandelt. Zur Gr\u00fcndungsversammlung hatten sich 40 Z\u00fcchter in die Mitgliederliste eingetragen. Mit ihren ca. 60 Mitgliedern ist die HIG [&hellip;]<\/p>\n","protected":false},"author":1,"featured_media":0,"parent":0,"menu_order":0,"comment_status":"closed","ping_status":"closed","template":"","meta":{"footnotes":""},"class_list":["post-32","page","type-page","status-publish","hentry"],"_links":{"self":[{"href":"http:\/\/hig-brandenburg-anhalt.de\/index.php?rest_route=\/wp\/v2\/pages\/32","targetHints":{"allow":["GET"]}}],"collection":[{"href":"http:\/\/hig-brandenburg-anhalt.de\/index.php?rest_route=\/wp\/v2\/pages"}],"about":[{"href":"http:\/\/hig-brandenburg-anhalt.de\/index.php?rest_route=\/wp\/v2\/types\/page"}],"author":[{"embeddable":true,"href":"http:\/\/hig-brandenburg-anhalt.de\/index.php?rest_route=\/wp\/v2\/users\/1"}],"replies":[{"embeddable":true,"href":"http:\/\/hig-brandenburg-anhalt.de\/index.php?rest_route=%2Fwp%2Fv2%2Fcomments&post=32"}],"version-history":[{"count":9,"href":"http:\/\/hig-brandenburg-anhalt.de\/index.php?rest_route=\/wp\/v2\/pages\/32\/revisions"}],"predecessor-version":[{"id":153,"href":"http:\/\/hig-brandenburg-anhalt.de\/index.php?rest_route=\/wp\/v2\/pages\/32\/revisions\/153"}],"wp:attachment":[{"href":"http:\/\/hig-brandenburg-anhalt.de\/index.php?rest_route=%2Fwp%2Fv2%2Fmedia&parent=32"}],"curies":[{"name":"wp","href":"https:\/\/api.w.org\/{rel}","templated":true}]}}